{"id":9,"date":"2022-03-17T18:14:21","date_gmt":"2022-03-17T21:14:21","guid":{"rendered":"https:\/\/lojasaquitem.com\/teste\/?page_id=9"},"modified":"2022-03-17T18:26:12","modified_gmt":"2022-03-17T21:26:12","slug":"politica-de-troca-e-devolucao","status":"publish","type":"page","link":"https:\/\/lojasaquitem.com\/cores\/politica-de-troca-e-devolucao\/","title":{"rendered":"Trocas e Devolu\u00e7\u00f5es"},"content":{"rendered":"\n<p>Prezamos pela satisfa\u00e7\u00e3o de nossos clientes. Esse lema faz parte das Lojas Aqui Tem. Respeitando os seus direitos, criamos nossa pol\u00edtica de Troca e Devolu\u00e7\u00e3o pautada pelo C\u00f3digo de Defesa do Consumidor de modo que todo produto adquirido atrav\u00e9s do site das Lojas Aqui Tem ser\u00e1 trocado de acordo com os casos:<\/p>\n\n\n\n<p><h3>Desist\u00eancia<\/h3><\/p>\n\n\n\n<p>Caso voc\u00ea receba o produto e queira desistir da compra por motivos diversos, voc\u00ea tem o direito de devolv\u00ea-lo e receber a restitui\u00e7\u00e3o no valor da compra ou um cr\u00e9dito para futuras compras, desde que a solicita\u00e7\u00e3o seja feita em at\u00e9 7 dias do recebimento e o retorno \u00e0 loja ocorra com a embalagem original e que o produto esteja sem sinais de uso. Mas aten\u00e7\u00e3o, que essa condi\u00e7\u00e3o s\u00f3 vale para as compras feitas aqui na loja online.<\/p>\n\n\n\n<h2 class=\"wp-block-heading\">Avaria<\/h2>\n\n\n\n<p>Pedimos que, no ato do recebimento, certifique-se das condi\u00e7\u00f5es do produto. Caso exista alguma avaria de transporte, falta de volume ou viola\u00e7\u00e3o da embalagem, solicitamos n\u00e3o assinar o comprovante de recebimento e recusar o recebimento.<\/p>\n\n\n\n<h2 class=\"wp-block-heading\">Defeito de fabrica\u00e7\u00e3o<\/h2>\n\n\n\n<p>Caso o produto adquirido apresente defeito em seu funcionamento, voc\u00ea ter\u00e1 o prazo de 7 (sete) dias corridos para entrar em contato com nossa Central de Atendimento. Identificado o defeito ap\u00f3s esse prazo, voc\u00ea dever\u00e1 entrar em contato com a Central de Atendimento do Fabricante ou em contato direto com uma Assist\u00eancia T\u00e9cnica Autorizada do Fabricante em sua regi\u00e3o. O contato com o fabricante e com suas assist\u00eancias t\u00e9cnicas autorizadas encontram-se no manual do produto ou no site do fabricante.<\/p>\n\n\n\n<h2 class=\"wp-block-heading\">Produto em desacordo com o pedido<\/h2>\n\n\n\n<p>Caso receba algum produto em desacordo com o que foi pedido, voc\u00ea dever\u00e1 recusar a entrega do produto e notificar nossa Central de Atendimento.<br>Caso o erro seja identificado ap\u00f3s o recebimento, voc\u00ea n\u00e3o dever\u00e1 abrir o lacre original e dever\u00e1 notificar nossa Central de Atendimento imediatamente.<br>O produto correto ser\u00e1 postado ap\u00f3s o recebimento do outro produto coletado.<br>Caso o produto esteja indispon\u00edvel em nosso estoque, ofereceremos um produto similar ou o cr\u00e9dito para futuras compras no valor pago.<br>Caso n\u00e3o queira, voc\u00ea tem o direito de solicitar o cancelamento da compra.\u00a0<\/p>\n\n\n\n<h2 class=\"wp-block-heading\">Cancelamento de pedido<\/h2>\n\n\n\n<p>As Lojas Aqui Tem reservam-se o direito de cancelar pedidos em casos excepcionais, como:<\/p>\n\n\n\n<ul class=\"wp-block-list\"><li>N\u00e3o aprova\u00e7\u00e3o da compra pela administradora do cart\u00e3o de cr\u00e9dito ou pela nossa an\u00e1lise interna de riscos.<\/li><li>N\u00e3o pagamento do boleto banc\u00e1rio. Caso o boleto n\u00e3o seja pago at\u00e9 o dia do vencimento, a compra ser\u00e1 automaticamente cancelada. Caso queira, poder\u00e1 refazer seu pedido com nova data para pagamento.<\/li><li>Dados n\u00e3o conferem ou aus\u00eancia dos mesmos. Caso os dados fornecidos pelo cliente n\u00e3o sejam confirmados, o cliente receber\u00e1 um aviso de cancelamento e poder\u00e1 entrar em contato para fornecer novas informa\u00e7\u00f5es ou mesmo alterar as informa\u00e7\u00f5es j\u00e1 enviados. Caso o cliente n\u00e3o retorne o contato e confirme as informa\u00e7\u00f5es, a compra ser\u00e1 cancelada.<\/li><\/ul>\n\n\n\n<h3 class=\"wp-block-heading\"><h2>Procedimentos gerais<\/h2><\/h3>\n\n\n\n<p>Caso de Avaria:<\/p>\n\n\n\n<p>&#8211; Se detectar a avaria, falta de volume e viola\u00e7\u00e3o na embalagem no ato da entrega, recuse o produto e notifique imediatamente nossa Central de Atendimento.<\/p>\n\n\n\n<p>Caso de Desist\u00eancia.<\/p>\n\n\n\n<p>&#8211; Entrar em contato com nossa Central de Atendimento em at\u00e9 07 dias corridos, contatos a partir do 1\u00ba dia \u00fatil ap\u00f3s a data do recebimento do produto.<\/p>\n\n\n\n<p>&#8211; O contato poder\u00e1 ser feito atrav\u00e9s de nossa Central de Atendimento, pelo telefone (81) 3264-0252 ou pelo e-mail:&nbsp;<a href=\"mailto:site@lojasaquitem.com\">site@lojasaquitem.com<\/a>.<\/p>\n\n\n\n<p>O cancelamento, troca e devolu\u00e7\u00e3o s\u00f3 ser\u00e3o acatados caso o produto:<\/p>\n\n\n\n<p>&#8211; Esteja na embalagem original e lacrada (se aplic\u00e1vel);<\/p>\n\n\n\n<p>&#8211; N\u00e3o contenha ind\u00edcios de avaria por mau uso;<\/p>\n\n\n\n<p>&#8211; Esteja acompanhado de Nota Fiscal, manual de instru\u00e7\u00e3o e todos os acess\u00f3rios que o acompanham.<\/p>\n\n\n\n<p>A troca ou o cancelamento s\u00f3 ser\u00e3o realizados ap\u00f3s an\u00e1lise do produto pela equipe das Lojas Aqui Tem, podendo o mesmo ser reenviado sem consulta pr\u00e9via, no caso do n\u00e3o cumprimento dos crit\u00e9rios listados acima. A restitui\u00e7\u00e3o do valor pago ou o cr\u00e9dito para futuras compras somente ser\u00e3o realizados ap\u00f3s a an\u00e1lise do produto, de acordo com os crit\u00e9rios listados acima.<\/p>\n\n\n\n<p>Ap\u00f3s a realiza\u00e7\u00e3o da an\u00e1lise, as Lojas Aqui Tem informar\u00e3o a forma e prazo de envio do produto. A empresa tem o prazo m\u00e1ximo de 30 dias \u00fateis, a partir do contato do cliente para executar a troca ou devolver o produto original.<\/p>\n\n\n\n<p>Restituiremos o valor j\u00e1 pago, conforme instru\u00e7\u00e3o abaixo:<\/p>\n\n\n\n<p>&#8211; Cart\u00e3o de cr\u00e9dito: ser\u00e1 feito o cancelamento do lan\u00e7amento do d\u00e9bito, ou, caso este j\u00e1 tenha sido feito, a restitui\u00e7\u00e3o das parcelas j\u00e1 pagas poder\u00e1 ocorrer em at\u00e9 02 (duas) faturas subsequentes. Aten\u00e7\u00e3o! Lembramos que esse procedimento \u00e9 de responsabilidade da administradora do cart\u00e3o.&nbsp;<\/p>\n\n\n\n<p>&#8211; Boleto banc\u00e1rio ou PIX: o cr\u00e9dito ser\u00e1 feito em sua conta corrente em at\u00e9 7 (sete) dias \u00fateis<\/p>\n\n\n\n<h2 class=\"wp-block-heading\">D\u00favidas?<\/h2>\n\n\n\n<p>Entre em contato com a gente! Teremos o maior prazer em te atender!<\/p>\n","protected":false},"excerpt":{"rendered":"<p>Prezamos pela satisfa\u00e7\u00e3o de nossos clientes. Esse lema faz parte das Lojas Aqui Tem. Respeitando os seus direitos, criamos nossa pol\u00edtica de Troca e Devolu\u00e7\u00e3o pautada pelo C\u00f3digo de Defesa do Consumidor de modo que todo produto adquirido atrav\u00e9s do site das Lojas Aqui Tem ser\u00e1 trocado de acordo com os casos: Desist\u00eancia Caso voc\u00ea [&hellip;]<\/p>\n","protected":false},"author":1,"featured_media":0,"parent":0,"menu_order":0,"comment_status":"closed","ping_status":"closed","template":"","meta":{"_joinchat":[],"footnotes":""},"class_list":["post-9","page","type-page","status-publish","hentry"],"blocksy_meta":{"styles_descriptor":{"styles":{"desktop":"","tablet":"","mobile":""},"google_fonts":[],"version":6}},"yoast_head":"<!-- This site is optimized with the Yoast SEO plugin v27.3 - https:\/\/yoast.com\/product\/yoast-seo-wordpress\/ -->\n<title>Trocas e Devolu\u00e7\u00f5es - Lojas Aqui Tem<\/title>\n<meta name=\"robots\" content=\"noindex, follow, max-snippet:-1, max-image-preview:large, max-video-preview:-1\" \/>\n<meta property=\"og:locale\" content=\"pt_BR\" \/>\n<meta property=\"og:type\" content=\"article\" \/>\n<meta property=\"og:title\" content=\"Trocas e Devolu\u00e7\u00f5es - Lojas Aqui Tem\" \/>\n<meta property=\"og:description\" content=\"Prezamos pela satisfa\u00e7\u00e3o de nossos clientes. Esse lema faz parte das Lojas Aqui Tem. Respeitando os seus direitos, criamos nossa pol\u00edtica de Troca e Devolu\u00e7\u00e3o pautada pelo C\u00f3digo de Defesa do Consumidor de modo que todo produto adquirido atrav\u00e9s do site das Lojas Aqui Tem ser\u00e1 trocado de acordo com os casos: Desist\u00eancia Caso voc\u00ea [&hellip;]\" \/>\n<meta property=\"og:url\" content=\"https:\/\/lojasaquitem.com\/cores\/politica-de-troca-e-devolucao\/\" \/>\n<meta property=\"og:site_name\" content=\"Lojas Aqui Tem\" \/>\n<meta property=\"article:modified_time\" content=\"2022-03-17T21:26:12+00:00\" \/>\n<meta name=\"twitter:card\" content=\"summary_large_image\" \/>\n<meta name=\"twitter:label1\" content=\"Est. tempo de leitura\" \/>\n\t<meta name=\"twitter:data1\" content=\"4 minutos\" \/>\n<script type=\"application\/ld+json\" class=\"yoast-schema-graph\">{\"@context\":\"https:\\\/\\\/schema.org\",\"@graph\":[{\"@type\":\"WebPage\",\"@id\":\"https:\\\/\\\/lojasaquitem.com\\\/cores\\\/politica-de-troca-e-devolucao\\\/\",\"url\":\"https:\\\/\\\/lojasaquitem.com\\\/cores\\\/politica-de-troca-e-devolucao\\\/\",\"name\":\"Trocas e Devolu\u00e7\u00f5es - Lojas Aqui Tem\",\"isPartOf\":{\"@id\":\"https:\\\/\\\/lojasaquitem.com\\\/cores\\\/#website\"},\"datePublished\":\"2022-03-17T21:14:21+00:00\",\"dateModified\":\"2022-03-17T21:26:12+00:00\",\"breadcrumb\":{\"@id\":\"https:\\\/\\\/lojasaquitem.com\\\/cores\\\/politica-de-troca-e-devolucao\\\/#breadcrumb\"},\"inLanguage\":\"pt-BR\",\"potentialAction\":[{\"@type\":\"ReadAction\",\"target\":[\"https:\\\/\\\/lojasaquitem.com\\\/cores\\\/politica-de-troca-e-devolucao\\\/\"]}]},{\"@type\":\"BreadcrumbList\",\"@id\":\"https:\\\/\\\/lojasaquitem.com\\\/cores\\\/politica-de-troca-e-devolucao\\\/#breadcrumb\",\"itemListElement\":[{\"@type\":\"ListItem\",\"position\":1,\"name\":\"In\u00edcio\",\"item\":\"https:\\\/\\\/lojasaquitem.com\\\/cores\\\/\"},{\"@type\":\"ListItem\",\"position\":2,\"name\":\"Trocas e Devolu\u00e7\u00f5es\"}]},{\"@type\":\"WebSite\",\"@id\":\"https:\\\/\\\/lojasaquitem.com\\\/cores\\\/#website\",\"url\":\"https:\\\/\\\/lojasaquitem.com\\\/cores\\\/\",\"name\":\"Lojas Aqui Tem\",\"description\":\"Leque de Cores Digital\",\"publisher\":{\"@id\":\"https:\\\/\\\/lojasaquitem.com\\\/cores\\\/#organization\"},\"potentialAction\":[{\"@type\":\"SearchAction\",\"target\":{\"@type\":\"EntryPoint\",\"urlTemplate\":\"https:\\\/\\\/lojasaquitem.com\\\/cores\\\/?s={search_term_string}\"},\"query-input\":{\"@type\":\"PropertyValueSpecification\",\"valueRequired\":true,\"valueName\":\"search_term_string\"}}],\"inLanguage\":\"pt-BR\"},{\"@type\":\"Organization\",\"@id\":\"https:\\\/\\\/lojasaquitem.com\\\/cores\\\/#organization\",\"name\":\"Lojas Aqui Tem\",\"url\":\"https:\\\/\\\/lojasaquitem.com\\\/cores\\\/\",\"logo\":{\"@type\":\"ImageObject\",\"inLanguage\":\"pt-BR\",\"@id\":\"https:\\\/\\\/lojasaquitem.com\\\/cores\\\/#\\\/schema\\\/logo\\\/image\\\/\",\"url\":\"https:\\\/\\\/lojasaquitem.com\\\/cores\\\/wp-content\\\/uploads\\\/2022\\\/03\\\/Logo-Aqui-Tem-sem-fundo.png\",\"contentUrl\":\"https:\\\/\\\/lojasaquitem.com\\\/cores\\\/wp-content\\\/uploads\\\/2022\\\/03\\\/Logo-Aqui-Tem-sem-fundo.png\",\"width\":766,\"height\":671,\"caption\":\"Lojas Aqui Tem\"},\"image\":{\"@id\":\"https:\\\/\\\/lojasaquitem.com\\\/cores\\\/#\\\/schema\\\/logo\\\/image\\\/\"}}]}<\/script>\n<!-- \/ Yoast SEO plugin. -->","yoast_head_json":{"title":"Trocas e Devolu\u00e7\u00f5es - Lojas Aqui Tem","robots":{"index":"noindex","follow":"follow","max-snippet":"max-snippet:-1","max-image-preview":"max-image-preview:large","max-video-preview":"max-video-preview:-1"},"og_locale":"pt_BR","og_type":"article","og_title":"Trocas e Devolu\u00e7\u00f5es - Lojas Aqui Tem","og_description":"Prezamos pela satisfa\u00e7\u00e3o de nossos clientes. Esse lema faz parte das Lojas Aqui Tem. Respeitando os seus direitos, criamos nossa pol\u00edtica de Troca e Devolu\u00e7\u00e3o pautada pelo C\u00f3digo de Defesa do Consumidor de modo que todo produto adquirido atrav\u00e9s do site das Lojas Aqui Tem ser\u00e1 trocado de acordo com os casos: Desist\u00eancia Caso voc\u00ea [&hellip;]","og_url":"https:\/\/lojasaquitem.com\/cores\/politica-de-troca-e-devolucao\/","og_site_name":"Lojas Aqui Tem","article_modified_time":"2022-03-17T21:26:12+00:00","twitter_card":"summary_large_image","twitter_misc":{"Est. tempo de leitura":"4 minutos"},"schema":{"@context":"https:\/\/schema.org","@graph":[{"@type":"WebPage","@id":"https:\/\/lojasaquitem.com\/cores\/politica-de-troca-e-devolucao\/","url":"https:\/\/lojasaquitem.com\/cores\/politica-de-troca-e-devolucao\/","name":"Trocas e Devolu\u00e7\u00f5es - Lojas Aqui Tem","isPartOf":{"@id":"https:\/\/lojasaquitem.com\/cores\/#website"},"datePublished":"2022-03-17T21:14:21+00:00","dateModified":"2022-03-17T21:26:12+00:00","breadcrumb":{"@id":"https:\/\/lojasaquitem.com\/cores\/politica-de-troca-e-devolucao\/#breadcrumb"},"inLanguage":"pt-BR","potentialAction":[{"@type":"ReadAction","target":["https:\/\/lojasaquitem.com\/cores\/politica-de-troca-e-devolucao\/"]}]},{"@type":"BreadcrumbList","@id":"https:\/\/lojasaquitem.com\/cores\/politica-de-troca-e-devolucao\/#breadcrumb","itemListElement":[{"@type":"ListItem","position":1,"name":"In\u00edcio","item":"https:\/\/lojasaquitem.com\/cores\/"},{"@type":"ListItem","position":2,"name":"Trocas e Devolu\u00e7\u00f5es"}]},{"@type":"WebSite","@id":"https:\/\/lojasaquitem.com\/cores\/#website","url":"https:\/\/lojasaquitem.com\/cores\/","name":"Lojas Aqui Tem","description":"Leque de Cores Digital","publisher":{"@id":"https:\/\/lojasaquitem.com\/cores\/#organization"},"potentialAction":[{"@type":"SearchAction","target":{"@type":"EntryPoint","urlTemplate":"https:\/\/lojasaquitem.com\/cores\/?s={search_term_string}"},"query-input":{"@type":"PropertyValueSpecification","valueRequired":true,"valueName":"search_term_string"}}],"inLanguage":"pt-BR"},{"@type":"Organization","@id":"https:\/\/lojasaquitem.com\/cores\/#organization","name":"Lojas Aqui Tem","url":"https:\/\/lojasaquitem.com\/cores\/","logo":{"@type":"ImageObject","inLanguage":"pt-BR","@id":"https:\/\/lojasaquitem.com\/cores\/#\/schema\/logo\/image\/","url":"https:\/\/lojasaquitem.com\/cores\/wp-content\/uploads\/2022\/03\/Logo-Aqui-Tem-sem-fundo.png","contentUrl":"https:\/\/lojasaquitem.com\/cores\/wp-content\/uploads\/2022\/03\/Logo-Aqui-Tem-sem-fundo.png","width":766,"height":671,"caption":"Lojas Aqui Tem"},"image":{"@id":"https:\/\/lojasaquitem.com\/cores\/#\/schema\/logo\/image\/"}}]}},"_links":{"self":[{"href":"https:\/\/lojasaquitem.com\/cores\/wp-json\/wp\/v2\/pages\/9","targetHints":{"allow":["GET"]}}],"collection":[{"href":"https:\/\/lojasaquitem.com\/cores\/wp-json\/wp\/v2\/pages"}],"about":[{"href":"https:\/\/lojasaquitem.com\/cores\/wp-json\/wp\/v2\/types\/page"}],"author":[{"embeddable":true,"href":"https:\/\/lojasaquitem.com\/cores\/wp-json\/wp\/v2\/users\/1"}],"replies":[{"embeddable":true,"href":"https:\/\/lojasaquitem.com\/cores\/wp-json\/wp\/v2\/comments?post=9"}],"version-history":[{"count":1,"href":"https:\/\/lojasaquitem.com\/cores\/wp-json\/wp\/v2\/pages\/9\/revisions"}],"predecessor-version":[{"id":57,"href":"https:\/\/lojasaquitem.com\/cores\/wp-json\/wp\/v2\/pages\/9\/revisions\/57"}],"wp:attachment":[{"href":"https:\/\/lojasaquitem.com\/cores\/wp-json\/wp\/v2\/media?parent=9"}],"curies":[{"name":"wp","href":"https:\/\/api.w.org\/{rel}","templated":true}]}}