{"id":287,"date":"2024-07-28T20:21:45","date_gmt":"2024-07-28T23:21:45","guid":{"rendered":"https:\/\/lojasaquitem.com\/teste\/?page_id=287"},"modified":"2024-07-29T07:04:55","modified_gmt":"2024-07-29T10:04:55","slug":"busca-preco","status":"publish","type":"page","link":"https:\/\/lojasaquitem.com\/cores\/busca-preco\/","title":{"rendered":"Busca Pre\u00e7o"},"content":{"rendered":"\n<p class=\"has-text-align-left\">Aponte a c\u00e2mera para o c\u00f3digo de barras do produto<\/p>\n\n\n\n<p class=\"has-text-align-left\">{{DataSymbolScanner}}<\/p>\n\n\n\n<p><\/p>\n","protected":false},"excerpt":{"rendered":"<p>Aponte a c\u00e2mera para o c\u00f3digo de barras do produto {{DataSymbolScanner}}<\/p>\n","protected":false},"author":1,"featured_media":0,"parent":0,"menu_order":0,"comment_status":"closed","ping_status":"closed","template":"","meta":{"_joinchat":[],"footnotes":""},"class_list":["post-287","page","type-page","status-publish","hentry"],"blocksy_meta":[],"yoast_head":"<!-- This site is optimized with the Yoast SEO plugin v27.3 - https:\/\/yoast.com\/product\/yoast-seo-wordpress\/ -->\n<title>Busca Pre\u00e7o - Lojas Aqui Tem<\/title>\n<meta name=\"robots\" content=\"noindex, follow, max-snippet:-1, max-image-preview:large, max-video-preview:-1\" \/>\n<meta property=\"og:locale\" content=\"pt_BR\" \/>\n<meta property=\"og:type\" content=\"article\" \/>\n<meta property=\"og:title\" content=\"Busca Pre\u00e7o - Lojas Aqui Tem\" \/>\n<meta property=\"og:description\" content=\"Aponte a c\u00e2mera para o c\u00f3digo de barras do produto {{DataSymbolScanner}}\" \/>\n<meta property=\"og:url\" content=\"https:\/\/lojasaquitem.com\/cores\/busca-preco\/\" \/>\n<meta property=\"og:site_name\" content=\"Lojas Aqui Tem\" \/>\n<meta property=\"article:modified_time\" content=\"2024-07-29T10:04:55+00:00\" \/>\n<meta name=\"twitter:card\" content=\"summary_large_image\" \/>\n<script type=\"application\/ld+json\" class=\"yoast-schema-graph\">{\"@context\":\"https:\\\/\\\/schema.org\",\"@graph\":[{\"@type\":\"WebPage\",\"@id\":\"https:\\\/\\\/lojasaquitem.com\\\/cores\\\/busca-preco\\\/\",\"url\":\"https:\\\/\\\/lojasaquitem.com\\\/cores\\\/busca-preco\\\/\",\"name\":\"Busca Pre\u00e7o - Lojas Aqui Tem\",\"isPartOf\":{\"@id\":\"https:\\\/\\\/lojasaquitem.com\\\/cores\\\/#website\"},\"datePublished\":\"2024-07-28T23:21:45+00:00\",\"dateModified\":\"2024-07-29T10:04:55+00:00\",\"breadcrumb\":{\"@id\":\"https:\\\/\\\/lojasaquitem.com\\\/cores\\\/busca-preco\\\/#breadcrumb\"},\"inLanguage\":\"pt-BR\",\"potentialAction\":[{\"@type\":\"ReadAction\",\"target\":[\"https:\\\/\\\/lojasaquitem.com\\\/cores\\\/busca-preco\\\/\"]}]},{\"@type\":\"BreadcrumbList\",\"@id\":\"https:\\\/\\\/lojasaquitem.com\\\/cores\\\/busca-preco\\\/#breadcrumb\",\"itemListElement\":[{\"@type\":\"ListItem\",\"position\":1,\"name\":\"In\u00edcio\",\"item\":\"https:\\\/\\\/lojasaquitem.com\\\/cores\\\/\"},{\"@type\":\"ListItem\",\"position\":2,\"name\":\"Busca Pre\u00e7o\"}]},{\"@type\":\"WebSite\",\"@id\":\"https:\\\/\\\/lojasaquitem.com\\\/cores\\\/#website\",\"url\":\"https:\\\/\\\/lojasaquitem.com\\\/cores\\\/\",\"name\":\"Lojas Aqui Tem\",\"description\":\"Leque de Cores Digital\",\"publisher\":{\"@id\":\"https:\\\/\\\/lojasaquitem.com\\\/cores\\\/#organization\"},\"potentialAction\":[{\"@type\":\"SearchAction\",\"target\":{\"@type\":\"EntryPoint\",\"urlTemplate\":\"https:\\\/\\\/lojasaquitem.com\\\/cores\\\/?s={search_term_string}\"},\"query-input\":{\"@type\":\"PropertyValueSpecification\",\"valueRequired\":true,\"valueName\":\"search_term_string\"}}],\"inLanguage\":\"pt-BR\"},{\"@type\":\"Organization\",\"@id\":\"https:\\\/\\\/lojasaquitem.com\\\/cores\\\/#organization\",\"name\":\"Lojas Aqui Tem\",\"url\":\"https:\\\/\\\/lojasaquitem.com\\\/cores\\\/\",\"logo\":{\"@type\":\"ImageObject\",\"inLanguage\":\"pt-BR\",\"@id\":\"https:\\\/\\\/lojasaquitem.com\\\/cores\\\/#\\\/schema\\\/logo\\\/image\\\/\",\"url\":\"https:\\\/\\\/lojasaquitem.com\\\/cores\\\/wp-content\\\/uploads\\\/2022\\\/03\\\/Logo-Aqui-Tem-sem-fundo.png\",\"contentUrl\":\"https:\\\/\\\/lojasaquitem.com\\\/cores\\\/wp-content\\\/uploads\\\/2022\\\/03\\\/Logo-Aqui-Tem-sem-fundo.png\",\"width\":766,\"height\":671,\"caption\":\"Lojas Aqui Tem\"},\"image\":{\"@id\":\"https:\\\/\\\/lojasaquitem.com\\\/cores\\\/#\\\/schema\\\/logo\\\/image\\\/\"}}]}<\/script>\n<!-- \/ Yoast SEO plugin. -->","yoast_head_json":{"title":"Busca Pre\u00e7o - Lojas Aqui Tem","robots":{"index":"noindex","follow":"follow","max-snippet":"max-snippet:-1","max-image-preview":"max-image-preview:large","max-video-preview":"max-video-preview:-1"},"og_locale":"pt_BR","og_type":"article","og_title":"Busca Pre\u00e7o - Lojas Aqui Tem","og_description":"Aponte a c\u00e2mera para o c\u00f3digo de barras do produto {{DataSymbolScanner}}","og_url":"https:\/\/lojasaquitem.com\/cores\/busca-preco\/","og_site_name":"Lojas Aqui Tem","article_modified_time":"2024-07-29T10:04:55+00:00","twitter_card":"summary_large_image","schema":{"@context":"https:\/\/schema.org","@graph":[{"@type":"WebPage","@id":"https:\/\/lojasaquitem.com\/cores\/busca-preco\/","url":"https:\/\/lojasaquitem.com\/cores\/busca-preco\/","name":"Busca Pre\u00e7o - Lojas Aqui Tem","isPartOf":{"@id":"https:\/\/lojasaquitem.com\/cores\/#website"},"datePublished":"2024-07-28T23:21:45+00:00","dateModified":"2024-07-29T10:04:55+00:00","breadcrumb":{"@id":"https:\/\/lojasaquitem.com\/cores\/busca-preco\/#breadcrumb"},"inLanguage":"pt-BR","potentialAction":[{"@type":"ReadAction","target":["https:\/\/lojasaquitem.com\/cores\/busca-preco\/"]}]},{"@type":"BreadcrumbList","@id":"https:\/\/lojasaquitem.com\/cores\/busca-preco\/#breadcrumb","itemListElement":[{"@type":"ListItem","position":1,"name":"In\u00edcio","item":"https:\/\/lojasaquitem.com\/cores\/"},{"@type":"ListItem","position":2,"name":"Busca Pre\u00e7o"}]},{"@type":"WebSite","@id":"https:\/\/lojasaquitem.com\/cores\/#website","url":"https:\/\/lojasaquitem.com\/cores\/","name":"Lojas Aqui Tem","description":"Leque de Cores Digital","publisher":{"@id":"https:\/\/lojasaquitem.com\/cores\/#organization"},"potentialAction":[{"@type":"SearchAction","target":{"@type":"EntryPoint","urlTemplate":"https:\/\/lojasaquitem.com\/cores\/?s={search_term_string}"},"query-input":{"@type":"PropertyValueSpecification","valueRequired":true,"valueName":"search_term_string"}}],"inLanguage":"pt-BR"},{"@type":"Organization","@id":"https:\/\/lojasaquitem.com\/cores\/#organization","name":"Lojas Aqui Tem","url":"https:\/\/lojasaquitem.com\/cores\/","logo":{"@type":"ImageObject","inLanguage":"pt-BR","@id":"https:\/\/lojasaquitem.com\/cores\/#\/schema\/logo\/image\/","url":"https:\/\/lojasaquitem.com\/cores\/wp-content\/uploads\/2022\/03\/Logo-Aqui-Tem-sem-fundo.png","contentUrl":"https:\/\/lojasaquitem.com\/cores\/wp-content\/uploads\/2022\/03\/Logo-Aqui-Tem-sem-fundo.png","width":766,"height":671,"caption":"Lojas Aqui Tem"},"image":{"@id":"https:\/\/lojasaquitem.com\/cores\/#\/schema\/logo\/image\/"}}]}},"_links":{"self":[{"href":"https:\/\/lojasaquitem.com\/cores\/wp-json\/wp\/v2\/pages\/287","targetHints":{"allow":["GET"]}}],"collection":[{"href":"https:\/\/lojasaquitem.com\/cores\/wp-json\/wp\/v2\/pages"}],"about":[{"href":"https:\/\/lojasaquitem.com\/cores\/wp-json\/wp\/v2\/types\/page"}],"author":[{"embeddable":true,"href":"https:\/\/lojasaquitem.com\/cores\/wp-json\/wp\/v2\/users\/1"}],"replies":[{"embeddable":true,"href":"https:\/\/lojasaquitem.com\/cores\/wp-json\/wp\/v2\/comments?post=287"}],"version-history":[{"count":13,"href":"https:\/\/lojasaquitem.com\/cores\/wp-json\/wp\/v2\/pages\/287\/revisions"}],"predecessor-version":[{"id":303,"href":"https:\/\/lojasaquitem.com\/cores\/wp-json\/wp\/v2\/pages\/287\/revisions\/303"}],"wp:attachment":[{"href":"https:\/\/lojasaquitem.com\/cores\/wp-json\/wp\/v2\/media?parent=287"}],"curies":[{"name":"wp","href":"https:\/\/api.w.org\/{rel}","templated":true}]}}