{"id":12351,"date":"2024-12-31T14:35:24","date_gmt":"2024-12-31T17:35:24","guid":{"rendered":"https:\/\/lojasaquitem.com\/cores\/?page_id=12351"},"modified":"2024-12-31T21:18:39","modified_gmt":"2025-01-01T00:18:39","slug":"detector","status":"publish","type":"page","link":"https:\/\/lojasaquitem.com\/cores\/detector\/","title":{"rendered":"Detector de Cores"},"content":{"rendered":"\t\t<div data-elementor-type=\"wp-post\" data-elementor-id=\"12351\" class=\"elementor elementor-12351\" data-elementor-post-type=\"page\">\n\t\t\t\t\t\t<section class=\"elementor-section elementor-top-section elementor-element elementor-element-df6b405 ct-section-stretched elementor-section-boxed elementor-section-height-default elementor-section-height-default\" data-id=\"df6b405\" data-element_type=\"section\" data-e-type=\"section\" data-settings=\"{&quot;background_background&quot;:&quot;classic&quot;}\">\n\t\t\t\t\t\t<div class=\"elementor-container elementor-column-gap-narrow\">\n\t\t\t\t\t<div class=\"elementor-column elementor-col-50 elementor-top-column elementor-element elementor-element-e5624a6\" data-id=\"e5624a6\" data-element_type=\"column\" data-e-type=\"column\">\n\t\t\t<div class=\"elementor-widget-wrap elementor-element-populated\">\n\t\t\t\t\t\t<div class=\"elementor-element elementor-element-a34d89f elementor-widget elementor-widget-heading\" data-id=\"a34d89f\" data-element_type=\"widget\" data-e-type=\"widget\" data-widget_type=\"heading.default\">\n\t\t\t\t<div class=\"elementor-widget-container\">\n\t\t\t\t\t<h4 class=\"elementor-heading-title elementor-size-default\">\ud83c\udfa8 Detector de cores<\/h4>\t\t\t\t<\/div>\n\t\t\t\t<\/div>\n\t\t\t\t\t<\/div>\n\t\t<\/div>\n\t\t\t\t<div class=\"elementor-column elementor-col-50 elementor-top-column elementor-element elementor-element-ae9f693\" data-id=\"ae9f693\" data-element_type=\"column\" data-e-type=\"column\">\n\t\t\t<div class=\"elementor-widget-wrap elementor-element-populated\">\n\t\t\t\t\t\t<div class=\"elementor-element elementor-element-6ea5e76 elementor-widget__width-initial elementor-widget elementor-widget-text-editor\" data-id=\"6ea5e76\" data-element_type=\"widget\" data-e-type=\"widget\" data-widget_type=\"text-editor.default\">\n\t\t\t\t<div class=\"elementor-widget-container\">\n\t\t\t\t\t\t\t\t\t<ol><li><span class=\"OYPEnA font-feature-liga-off font-feature-clig-off font-feature-calt-off text-decoration-none text-strikethrough-none\" style=\"color: #808080;\">Pressione o bot\u00e3o abaixo e selecione a foto.<\/span><\/li><li><span class=\"OYPEnA font-feature-liga-off font-feature-clig-off font-feature-calt-off text-decoration-none text-strikethrough-none\" style=\"color: #808080;\">Toque na \u00e1rea da foto onde aparece a cor desejada.<\/span><\/li><li><span class=\"OYPEnA font-feature-liga-off font-feature-clig-off font-feature-calt-off text-decoration-none text-strikethrough-none\" style=\"color: #808080;\">A cor detectada aparecer\u00e1 abaixo da foto.<\/span><\/li><\/ol>\t\t\t\t\t\t\t\t<\/div>\n\t\t\t\t<\/div>\n\t\t\t\t\t<\/div>\n\t\t<\/div>\n\t\t\t\t\t<\/div>\n\t\t<\/section>\n\t\t\t\t<section class=\"elementor-section elementor-top-section elementor-element elementor-element-43de2b6 elementor-section-boxed elementor-section-height-default elementor-section-height-default\" data-id=\"43de2b6\" data-element_type=\"section\" data-e-type=\"section\">\n\t\t\t\t\t\t<div class=\"elementor-container elementor-column-gap-default\">\n\t\t\t\t\t<div class=\"elementor-column elementor-col-100 elementor-top-column elementor-element elementor-element-a28610d\" data-id=\"a28610d\" data-element_type=\"column\" data-e-type=\"column\">\n\t\t\t<div class=\"elementor-widget-wrap elementor-element-populated\">\n\t\t\t\t\t\t<div class=\"elementor-element elementor-element-8b3ed1d elementor-widget elementor-widget-shortcode\" data-id=\"8b3ed1d\" data-element_type=\"widget\" data-e-type=\"widget\" data-widget_type=\"shortcode.default\">\n\t\t\t\t<div class=\"elementor-widget-container\">\n\t\t\t\t\t\t\t<div class=\"elementor-shortcode\">        <div id=\"aqt-color-picker-app\" class=\"aqt-cp-wrap\">\n            \n            <div class=\"aqt-cp-upload-area\">\n                <p class=\"aqt-cp-headline\">Selecione uma foto para descobrir a cor da tinta<\/p>\n                <label for=\"imgUploader\" class=\"aqt-cp-upload-btn\" role=\"button\">\n                    <svg xmlns=\"http:\/\/www.w3.org\/2000\/svg\" width=\"16\" height=\"16\" fill=\"currentColor\" viewBox=\"0 0 16 16\" style=\"margin-right: 8px;\"><path d=\"M.5 9.9a.5.5 0 0 1 .5.5v2.5a1 1 0 0 0 1 1h12a1 1 0 0 0 1-1v-2.5a.5.5 0 0 1 1 0v2.5a2 2 0 0 1-2 2H2a2 2 0 0 1-2-2v-2.5a.5.5 0 0 1 .5-.5z\"\/><path d=\"M7.646 1.146a.5.5 0 0 1 .708 0l3 3a.5.5 0 0 1-.708.708L8.5 2.707V11.5a.5.5 0 0 1-1 0V2.707L5.354 4.854a.5.5 0 1 1-.708-.708l3-3z\"\/><\/svg>\n                    Escolher Foto\n                <\/label>\n                <input type=\"file\" id=\"imgUploader\" accept=\"image\/*\" class=\"aqt-cp-input-file\">\n            <\/div>\n\n            <div id=\"postUpload\" class=\"aqt-cp-post-upload\">\n                <p id=\"aqt-instructions\">Toque na \u00e1rea da foto onde est\u00e1 a cor desejada:<\/p>\n\n                <canvas id=\"imageCanvas\"><\/canvas>\n\n                <div class=\"aqt-cp-preview-wrapper\">\n                    <strong>Cor selecionada:<\/strong>\n                    <div id=\"selectedColorPreview\"><\/div>\n                <\/div>\n\n                <div id=\"resultArea\" class=\"aqt-cp-result-area\">\n                    <div class=\"aqt-cp-spinner-wrapper\">\n                        <div class=\"aqt-cp-spinner\"><\/div>\n                    <\/div>\n                <\/div>\n            <\/div>\n        <\/div>\n        <\/div>\n\t\t\t\t\t\t<\/div>\n\t\t\t\t<\/div>\n\t\t\t\t\t<\/div>\n\t\t<\/div>\n\t\t\t\t\t<\/div>\n\t\t<\/section>\n\t\t\t\t<section class=\"elementor-section elementor-top-section elementor-element elementor-element-c34b53c elementor-section-boxed elementor-section-height-default elementor-section-height-default\" data-id=\"c34b53c\" data-element_type=\"section\" data-e-type=\"section\">\n\t\t\t\t\t\t<div class=\"elementor-container elementor-column-gap-default\">\n\t\t\t\t\t<div class=\"elementor-column elementor-col-100 elementor-top-column elementor-element elementor-element-cb5ea2e\" data-id=\"cb5ea2e\" data-element_type=\"column\" data-e-type=\"column\">\n\t\t\t<div class=\"elementor-widget-wrap elementor-element-populated\">\n\t\t\t\t\t\t<div class=\"elementor-element elementor-element-14948fe elementor-widget__width-initial elementor-widget elementor-widget-text-editor\" data-id=\"14948fe\" data-element_type=\"widget\" data-e-type=\"widget\" data-widget_type=\"text-editor.default\">\n\t\t\t\t<div class=\"elementor-widget-container\">\n\t\t\t\t\t\t\t\t\t<p><span style=\"color: #999999;\">O resultado depende do grau de ilumina\u00e7\u00e3o da foto, por isso n\u00e3o garantimos a precis\u00e3o do reconhecimento das cores.<\/span><\/p>\t\t\t\t\t\t\t\t<\/div>\n\t\t\t\t<\/div>\n\t\t\t\t\t<\/div>\n\t\t<\/div>\n\t\t\t\t\t<\/div>\n\t\t<\/section>\n\t\t\t\t<\/div>\n\t\t","protected":false},"excerpt":{"rendered":"<p>\ud83c\udfa8 Detector de cores Pressione o bot\u00e3o abaixo e selecione a foto. Toque na \u00e1rea da foto onde aparece a cor desejada. A cor detectada aparecer\u00e1 abaixo da foto. O resultado depende do grau de ilumina\u00e7\u00e3o da foto, por isso n\u00e3o garantimos a precis\u00e3o do reconhecimento das cores.<\/p>\n","protected":false},"author":1,"featured_media":0,"parent":0,"menu_order":0,"comment_status":"closed","ping_status":"closed","template":"","meta":{"_joinchat":[],"footnotes":""},"class_list":["post-12351","page","type-page","status-publish","hentry"],"blocksy_meta":[],"yoast_head":"<!-- This site is optimized with the Yoast SEO plugin v27.3 - https:\/\/yoast.com\/product\/yoast-seo-wordpress\/ -->\n<title>Detector de Cores - Lojas Aqui Tem<\/title>\n<meta name=\"robots\" content=\"noindex, follow, max-snippet:-1, max-image-preview:large, max-video-preview:-1\" \/>\n<meta property=\"og:locale\" content=\"pt_BR\" \/>\n<meta property=\"og:type\" content=\"article\" \/>\n<meta property=\"og:title\" content=\"Detector de Cores - Lojas Aqui Tem\" \/>\n<meta property=\"og:description\" content=\"\ud83c\udfa8 Detector de cores Pressione o bot\u00e3o abaixo e selecione a foto. Toque na \u00e1rea da foto onde aparece a cor desejada. A cor detectada aparecer\u00e1 abaixo da foto. O resultado depende do grau de ilumina\u00e7\u00e3o da foto, por isso n\u00e3o garantimos a precis\u00e3o do reconhecimento das cores.\" \/>\n<meta property=\"og:url\" content=\"https:\/\/lojasaquitem.com\/cores\/detector\/\" \/>\n<meta property=\"og:site_name\" content=\"Lojas Aqui Tem\" \/>\n<meta property=\"article:modified_time\" content=\"2025-01-01T00:18:39+00:00\" \/>\n<meta name=\"twitter:card\" content=\"summary_large_image\" \/>\n<meta name=\"twitter:label1\" content=\"Est. tempo de leitura\" \/>\n\t<meta name=\"twitter:data1\" content=\"1 minuto\" \/>\n<script type=\"application\/ld+json\" class=\"yoast-schema-graph\">{\"@context\":\"https:\\\/\\\/schema.org\",\"@graph\":[{\"@type\":\"WebPage\",\"@id\":\"https:\\\/\\\/lojasaquitem.com\\\/cores\\\/detector\\\/\",\"url\":\"https:\\\/\\\/lojasaquitem.com\\\/cores\\\/detector\\\/\",\"name\":\"Detector de Cores - Lojas Aqui Tem\",\"isPartOf\":{\"@id\":\"https:\\\/\\\/lojasaquitem.com\\\/cores\\\/#website\"},\"datePublished\":\"2024-12-31T17:35:24+00:00\",\"dateModified\":\"2025-01-01T00:18:39+00:00\",\"breadcrumb\":{\"@id\":\"https:\\\/\\\/lojasaquitem.com\\\/cores\\\/detector\\\/#breadcrumb\"},\"inLanguage\":\"pt-BR\",\"potentialAction\":[{\"@type\":\"ReadAction\",\"target\":[\"https:\\\/\\\/lojasaquitem.com\\\/cores\\\/detector\\\/\"]}]},{\"@type\":\"BreadcrumbList\",\"@id\":\"https:\\\/\\\/lojasaquitem.com\\\/cores\\\/detector\\\/#breadcrumb\",\"itemListElement\":[{\"@type\":\"ListItem\",\"position\":1,\"name\":\"In\u00edcio\",\"item\":\"https:\\\/\\\/lojasaquitem.com\\\/cores\\\/\"},{\"@type\":\"ListItem\",\"position\":2,\"name\":\"Detector de Cores\"}]},{\"@type\":\"WebSite\",\"@id\":\"https:\\\/\\\/lojasaquitem.com\\\/cores\\\/#website\",\"url\":\"https:\\\/\\\/lojasaquitem.com\\\/cores\\\/\",\"name\":\"Lojas Aqui Tem\",\"description\":\"Leque de Cores Digital\",\"publisher\":{\"@id\":\"https:\\\/\\\/lojasaquitem.com\\\/cores\\\/#organization\"},\"potentialAction\":[{\"@type\":\"SearchAction\",\"target\":{\"@type\":\"EntryPoint\",\"urlTemplate\":\"https:\\\/\\\/lojasaquitem.com\\\/cores\\\/?s={search_term_string}\"},\"query-input\":{\"@type\":\"PropertyValueSpecification\",\"valueRequired\":true,\"valueName\":\"search_term_string\"}}],\"inLanguage\":\"pt-BR\"},{\"@type\":\"Organization\",\"@id\":\"https:\\\/\\\/lojasaquitem.com\\\/cores\\\/#organization\",\"name\":\"Lojas Aqui Tem\",\"url\":\"https:\\\/\\\/lojasaquitem.com\\\/cores\\\/\",\"logo\":{\"@type\":\"ImageObject\",\"inLanguage\":\"pt-BR\",\"@id\":\"https:\\\/\\\/lojasaquitem.com\\\/cores\\\/#\\\/schema\\\/logo\\\/image\\\/\",\"url\":\"https:\\\/\\\/lojasaquitem.com\\\/cores\\\/wp-content\\\/uploads\\\/2022\\\/03\\\/Logo-Aqui-Tem-sem-fundo.png\",\"contentUrl\":\"https:\\\/\\\/lojasaquitem.com\\\/cores\\\/wp-content\\\/uploads\\\/2022\\\/03\\\/Logo-Aqui-Tem-sem-fundo.png\",\"width\":766,\"height\":671,\"caption\":\"Lojas Aqui Tem\"},\"image\":{\"@id\":\"https:\\\/\\\/lojasaquitem.com\\\/cores\\\/#\\\/schema\\\/logo\\\/image\\\/\"}}]}<\/script>\n<!-- \/ Yoast SEO plugin. -->","yoast_head_json":{"title":"Detector de Cores - Lojas Aqui Tem","robots":{"index":"noindex","follow":"follow","max-snippet":"max-snippet:-1","max-image-preview":"max-image-preview:large","max-video-preview":"max-video-preview:-1"},"og_locale":"pt_BR","og_type":"article","og_title":"Detector de Cores - Lojas Aqui Tem","og_description":"\ud83c\udfa8 Detector de cores Pressione o bot\u00e3o abaixo e selecione a foto. Toque na \u00e1rea da foto onde aparece a cor desejada. A cor detectada aparecer\u00e1 abaixo da foto. O resultado depende do grau de ilumina\u00e7\u00e3o da foto, por isso n\u00e3o garantimos a precis\u00e3o do reconhecimento das cores.","og_url":"https:\/\/lojasaquitem.com\/cores\/detector\/","og_site_name":"Lojas Aqui Tem","article_modified_time":"2025-01-01T00:18:39+00:00","twitter_card":"summary_large_image","twitter_misc":{"Est. tempo de leitura":"1 minuto"},"schema":{"@context":"https:\/\/schema.org","@graph":[{"@type":"WebPage","@id":"https:\/\/lojasaquitem.com\/cores\/detector\/","url":"https:\/\/lojasaquitem.com\/cores\/detector\/","name":"Detector de Cores - Lojas Aqui Tem","isPartOf":{"@id":"https:\/\/lojasaquitem.com\/cores\/#website"},"datePublished":"2024-12-31T17:35:24+00:00","dateModified":"2025-01-01T00:18:39+00:00","breadcrumb":{"@id":"https:\/\/lojasaquitem.com\/cores\/detector\/#breadcrumb"},"inLanguage":"pt-BR","potentialAction":[{"@type":"ReadAction","target":["https:\/\/lojasaquitem.com\/cores\/detector\/"]}]},{"@type":"BreadcrumbList","@id":"https:\/\/lojasaquitem.com\/cores\/detector\/#breadcrumb","itemListElement":[{"@type":"ListItem","position":1,"name":"In\u00edcio","item":"https:\/\/lojasaquitem.com\/cores\/"},{"@type":"ListItem","position":2,"name":"Detector de Cores"}]},{"@type":"WebSite","@id":"https:\/\/lojasaquitem.com\/cores\/#website","url":"https:\/\/lojasaquitem.com\/cores\/","name":"Lojas Aqui Tem","description":"Leque de Cores Digital","publisher":{"@id":"https:\/\/lojasaquitem.com\/cores\/#organization"},"potentialAction":[{"@type":"SearchAction","target":{"@type":"EntryPoint","urlTemplate":"https:\/\/lojasaquitem.com\/cores\/?s={search_term_string}"},"query-input":{"@type":"PropertyValueSpecification","valueRequired":true,"valueName":"search_term_string"}}],"inLanguage":"pt-BR"},{"@type":"Organization","@id":"https:\/\/lojasaquitem.com\/cores\/#organization","name":"Lojas Aqui Tem","url":"https:\/\/lojasaquitem.com\/cores\/","logo":{"@type":"ImageObject","inLanguage":"pt-BR","@id":"https:\/\/lojasaquitem.com\/cores\/#\/schema\/logo\/image\/","url":"https:\/\/lojasaquitem.com\/cores\/wp-content\/uploads\/2022\/03\/Logo-Aqui-Tem-sem-fundo.png","contentUrl":"https:\/\/lojasaquitem.com\/cores\/wp-content\/uploads\/2022\/03\/Logo-Aqui-Tem-sem-fundo.png","width":766,"height":671,"caption":"Lojas Aqui Tem"},"image":{"@id":"https:\/\/lojasaquitem.com\/cores\/#\/schema\/logo\/image\/"}}]}},"_links":{"self":[{"href":"https:\/\/lojasaquitem.com\/cores\/wp-json\/wp\/v2\/pages\/12351","targetHints":{"allow":["GET"]}}],"collection":[{"href":"https:\/\/lojasaquitem.com\/cores\/wp-json\/wp\/v2\/pages"}],"about":[{"href":"https:\/\/lojasaquitem.com\/cores\/wp-json\/wp\/v2\/types\/page"}],"author":[{"embeddable":true,"href":"https:\/\/lojasaquitem.com\/cores\/wp-json\/wp\/v2\/users\/1"}],"replies":[{"embeddable":true,"href":"https:\/\/lojasaquitem.com\/cores\/wp-json\/wp\/v2\/comments?post=12351"}],"version-history":[{"count":14,"href":"https:\/\/lojasaquitem.com\/cores\/wp-json\/wp\/v2\/pages\/12351\/revisions"}],"predecessor-version":[{"id":12464,"href":"https:\/\/lojasaquitem.com\/cores\/wp-json\/wp\/v2\/pages\/12351\/revisions\/12464"}],"wp:attachment":[{"href":"https:\/\/lojasaquitem.com\/cores\/wp-json\/wp\/v2\/media?parent=12351"}],"curies":[{"name":"wp","href":"https:\/\/api.w.org\/{rel}","templated":true}]}}